{"id":542,"date":"2009-12-25T23:19:45","date_gmt":"2009-12-25T21:19:45","guid":{"rendered":"http:\/\/pl.doda-music.com\/index.php\/historia\/"},"modified":"2019-02-14T03:17:09","modified_gmt":"2019-02-14T02:17:09","slug":"historia","status":"publish","type":"page","link":"https:\/\/pl.doda-music.com\/index.php\/historia\/","title":{"rendered":"Historia"},"content":{"rendered":"<p><a href=\"http:\/\/pl.doda-music.com\/wp-content\/uploads\/2009\/12\/dodamusicmy.jpg\"><img decoding=\"async\" src=\"http:\/\/pl.doda-music.com\/wp-content\/uploads\/2009\/12\/dodamusicmy.jpg\" alt=\"\" title=\"dodamusicmy\" width=\"640\" class=\"alignnone size-full wp-image-9661\" srcset=\"https:\/\/pl.doda-music.com\/wp-content\/uploads\/2009\/12\/dodamusicmy.jpg 960w, https:\/\/pl.doda-music.com\/wp-content\/uploads\/2009\/12\/dodamusicmy-300x99.jpg 300w, https:\/\/pl.doda-music.com\/wp-content\/uploads\/2009\/12\/dodamusicmy-500x166.jpg 500w\" sizes=\"(max-width: 960px) 100vw, 960px\" \/><\/a><\/p>\n<p>Pocz\u0105tki naszej strony si\u0119gaj\u0105 wakacji 2007 roku. Doda wyda\u0142a \u015bwietny solowy album Diamond Bitch, Katharsis kr\u00f3lowa\u0142o na listach przeboj\u00f3w&#8230; Piotrek (rocznik 1989) wr\u00f3ci\u0142 z wakacji we W\u0142oszech i postanowi\u0142 stworzy\u0107 pierwsz\u0105 stron\u0119 o Dodzie w dw\u00f3ch j\u0119zykach. Zabra\u0142 si\u0119 do pracy stworzy\u0142 ko\u015blawy, kolorowy szablon, napisa\u0142 tre\u015b\u0107, zacz\u0105\u0142 t\u0142umaczy\u0107 na j\u0119zyk angielski. Wreszcie po ci\u0119\u017ckiej pracy m\u00f3g\u0142 otworzy\u0107 swoje ma\u0142e dzie\u0142ko &#8211; <b>9 wrze\u015bnia 2007 roku<\/b> wystartowa\u0142o pierwsze dwuj\u0119zyczne centrum informacji o Dodzie (jak to Piotrek dumnie nazywa\u0142, nie zwracaj\u0105c uwagi na skromno\u015b\u0107 strony), pod adresem <a href=\"http:\/\/dodafan.ovh.org\" target=\"_blank\">dodafan.eu<\/a>, pod tym linkiem wci\u0105\u017c mo\u017cecie ogl\u0105da\u0107 jak to wszystko wygl\u0105da\u0142o! 30 pa\u017adziernika do\u0142\u0105czy\u0142a do Piotrka Ania, przyjaci\u00f3\u0142ka z liceum i ju\u017c 1 listopada otworzyli\u015bmy angielsk\u0105 cz\u0119\u015b\u0107 strony (ostateczn\u0105 wersj\u0119). Pojawia\u0142y si\u0119 newsy, nowe zdj\u0119cia, video&#8230; strona powoli rozwija\u0142a si\u0119. Nie chcieli\u015bmy jednak by\u0107 kolejn\u0105 zwyk\u0142\u0105 stron\u0105 dla fan\u00f3w. Dlatego na pocz\u0105tku 2008 roku przestali\u015bmy aktualizowa\u0107 stron\u0119 i zacz\u0119li\u015bmy pracowa\u0107 nad czym\u015b, co okaza\u0142o si\u0119 znacznie wi\u0119kszym projektem &#8211; nad Doda-Music.com. Prace trwa\u0142y p\u00f3\u0142 (!) roku i pe\u0142ne by\u0142y zmian pomys\u0142\u00f3w. Do Piotrka i Ani do\u0142\u0105czy\u0142a Paulina (r\u00f3wnie\u017c przyjaci\u00f3\u0142ka z liceum), a tak\u017ce Nils, pierwszy obcokrajowiec tak zaanga\u017cowany w sprawy Dody. To on poprawi\u0142 angielski Piotrka, to on przet\u0142umaczy\u0142 wszystko na j\u0119zyk niemiecki, to on za\u0142atwi\u0142 francusk\u0105 wersj\u0119 strony. Jego pomoc jest nieoceniona, wci\u0105\u017c wspiera nas finansowo oraz pomys\u0142ami. Wr\u00f3\u0107my jednak do powstawania strony &#8211; Piotrek przez d\u0142ugi czas walczy\u0142 z wygl\u0105dem, wiedzia\u0142, \u017ce to musi by\u0107 CO\u015a, co zwr\u00f3ci uwag\u0119 fan\u00f3w. Zaanga\u017cowa\u0142 wi\u0119c projektantk\u0119 stron Rashell, dzi\u0119ki kt\u00f3rej 23 czerwca 2008 WRESZCIE wystartowa\u0142 projekt Doda-Music.com. \u015awietna grafika, codzienne aktualizacje, konkursy z nagrodami, wsparcie oficjalnego fanklubu DodaDiamond przyci\u0105gn\u0119\u0142y fan\u00f3w, dzi\u0119ki czemu popularno\u015b\u0107 strony wci\u0105\u017c ros\u0142a. Jednak prawdziwy prze\u0142om mia\u0142 dopiero nast\u0105pi\u0107. 15 sierpnia Doda-Music.com uzyska\u0142a nowy wygl\u0105d, stworzony przez Maru z Imarunation. Grafika robi\u0142a wra\u017cenie &#8211; nag\u0142\u00f3wek we flashu, teledysk w\u0142\u0105czaj\u0105cy si\u0119 przy uruchomieniu strony&#8230; z g\u0142owami pe\u0142nymi nowych pomys\u0142\u00f3w nasza ekipa, Piotrek, Ania i Paulina, wyjecha\u0142a do Londynu na tydzie\u0144, by bawi\u0107 si\u0119 na koncercie Dody na Wembley Arena. Wtedy otrzymali\u015bmy informacj\u0119, i\u017c menad\u017cerka Artystki, Maja Sablewska, zwr\u00f3ci\u0142a uwag\u0119 na nasz\u0105 stron\u0119 i ma dla nas propozycj\u0119. Po powrocie okaza\u0142o si\u0119, i\u017c propozycj\u0105 t\u0105 jest status&#8230; oficjalnej strony fan\u00f3w! Czego\u015b takiego wcze\u015bniej nie by\u0142o, polscy arty\u015bci mieli oficjalne strony domowe, oficjalne fankluby, ale oficjalna strona fan\u00f3w? Ca\u0142kowita nowo\u015b\u0107. Oczywi\u015bcie z wielk\u0105 ch\u0119ci\u0105 przyj\u0119li\u015bmy propozycj\u0119, jednak na oficjalne potwierdzenie musieli\u015bmy czeka\u0107 do nowej ods\u0142ony doda.net.pl. I tak <b>5 pa\u017adziernika 2008 roku<\/b> mogli\u015bmy to napisa\u0107 &#8211; JESTE\u015aMY OFICJALNI! Odt\u0105d zyskali\u015bmy setki nowych odwiedzaj\u0105cych dziennie, ale r\u00f3wnie\u017c mobilizacj\u0119 do dzia\u0142ania. Newsy pojawia\u0142y si\u0119 coraz cz\u0119\u015bciej, tak, i\u017c kilka wiadomo\u015bci jednego dnia to teraz norma dla Doda-Music.com. Na pocz\u0105tku 2009 roku przenie\u015bli\u015bmy nasz\u0105 galeri\u0119 na nowy adres DodaPhotos.com. Jest to najwi\u0119kszy zbi\u00f3r zdj\u0119\u0107 Dody online, jaki kiedykolwiek powsta\u0142. Jest te\u017c bez w\u0105tpienia najpopularniejszy &#8211; licznik wy\u015bwietle\u0144 plik\u00f3w wci\u0105\u017c ro\u015bnie. <strong>3 pa\u017adziernika 2009<\/strong> roku Doda-Music.com zyska\u0142a nowy wygl\u0105d, oczywi\u015bcie produkcji Imarunation.com. Jesie\u0144 by\u0142a pracowitym okresem dla fan\u00f3w Artystki &#8211; nominacja do MTV Europe Music Awards zmobilizowa\u0142a nas do organizacji liczenia g\u0142os\u00f3w &#8211; kt\u00f3rych uzbierali\u015bmy na naszej stronie ponad milion! Zapewni\u0142o to Dodzie drugie miejsce na Starym Kontynencie. Mamy nadziej\u0119, \u017ce w przysz\u0142o\u015bci dobijemy do pierwszej pozycji ;) Podobne dzia\u0142ania (liczenie g\u0142os\u00f3w) podj\u0119li\u015bmy r\u00f3wnie\u017c w czasie Viva Comet 2010, dzi\u0119ki czemu Doda zdoby\u0142a 3 statuetki we wszystkich kategoriach, w jakich by\u0142a nominowana! Na 26-ste urodziny podarowali\u015bmy naszej Artystce dwa prezenty &#8211; filmik z \u017cyczeniami, zapowiedziany przez Nergala i wy\u015bwietlony na telebimach zaraz po koncercie walentynkowym w Zabrzu; oraz du\u017cych rozmiar\u00f3w mozaik\u0119, na kt\u00f3r\u0105 sk\u0142ada\u0142y si\u0119 setki zdj\u0119\u0107 fan\u00f3w z piosenkark\u0105, wr\u0119czon\u0105 w czasie imprezy urodzinowej ju\u017c po koncercie.<\/p>\n<p>  Prze\u0142om 2010 i 2011 roku by\u0142 trudnym okresem dla Dody. Wraz z Nergalem musieli zmierzy\u0107 si\u0119 z jego chorob\u0105, bia\u0142aczk\u0105. Dzi\u0119ki akcjom Dody, w kt\u00f3rych wspierali\u015bmy j\u0105 jak tylko mogli\u015bmy, do bank\u00f3w potencjalnych dawc\u00f3w szpiku zapisa\u0142y si\u0119 setki tysi\u0119cy nowych os\u00f3b. Wspierali\u015bmy Artystk\u0119 r\u00f3wnie\u017c przy wydaniu nowego albumu, &#8220;7 Pokus G\u0142\u00f3wnych&#8221; &#8211; od informowania o wszelkich szczeg\u00f3\u0142ach wydawnictwa po dementowanie niekorzystnych artyku\u0142\u00f3w, jakie zala\u0142y fan\u00f3w zaraz po premierze. <\/p>\n<p><b>24 czerwca 2011 roku<\/b> swojego pierwszego, dziewiczego newsa na naszej stronie doda\u0142 Rafa\u0142, kt\u00f3ry razem z nami tworzy t\u0119 stron\u0119 do dzisiaj. Jeste\u015bmy mu niezmiernie wdzi\u0119czni za pomoc i zaanga\u017cowanie, bez kt\u00f3rego ta strona nie wygl\u0105da\u0142aby tak jak wygl\u0105da. To on dyscyplinuje Piotrka, dzi\u0119ki czemu nagrody z konkurs\u00f3w ostatecznie trafiaj\u0105 do zwyci\u0119zc\u00f3w, mimo panicznej niech\u0119ci admina do wizyt na poczcie.<\/p>\n<p> W 2012 pojawili\u015bmy si\u0119 na kolejnej urodzinowej imprezie Dody, wr\u0119czaj\u0105c jej prezenty od fan\u00f3w. Przez ca\u0142y czas trwania strony organizujemy konkursy z nagrodami oraz specjalne akcje zwi\u0105zane z g\u0142osowaniami. Jeste\u015bmy jednym z najbardziej aktywnych stron fanowskich w Polsce. <\/p>\n<p>Od 2013 roku nasza ekipa przemieni\u0142a si\u0119 spontanicznie w Nasz\u0105 Pi\u0105teczk\u0119, w kt\u00f3rej ka\u017cdy ma konkretne zadanie i pomaga wsp\u00f3\u0142tworzy\u0107 Doda-Music:<br \/>\n-Piotrek &#8211; admin, rzecznik<br \/>\n-Ania &#8211; koncertowy demon, organizatorka<br \/>\n-Rafa\u0142 &#8211; newsy, dyscyplinowanie Piotrka, parasol Dody<br \/>\n-Natalka &#8211; sklepik, czajnik (doping Dody)<br \/>\n-Grzeniu &#8211; fotograf, trzymacz g\u0142owy<br \/>\nJe\u015bli nie wiecie o co chodzi &#8211; zapraszamy Was na koncerty Dody &#8211; ZROZUMIECIE ;) To w\u0142a\u015bnie ta ekipa jest drug\u0105, po Was u\u017cytkownikach, przyczyn\u0105 tego, i\u017c strona wygl\u0105da tak jak wygl\u0105da.<\/p>\n<p>Specjalizujemy si\u0119 w relacjach live z wa\u017cnych wydarze\u0144, na bie\u017c\u0105co informowali\u015bmy fan\u00f3w m.in. o otwarciach trzech tras (Rock&#8217;N&#8217;Roll Palace Tour, The Seven Temptations Tour, Fly High Tour) czy festiwalach i wyst\u0119pach telewizyjnych (Opole, Viva Comet); oraz w kompletnych, jednodniowych metamorfozach strony na Prima Aprilis (byli\u015bmy ju\u017c fanklubem Edyty G\u00f3rniak, Stron\u0105 Fan\u00f3w Pani Wandy i Sekt\u0105 Dody).<\/p>\n<p> Jakie mamy plany? Ci\u0119\u017cko powiedzie\u0107 konkretnie, z pewno\u015bci\u0105 chcemy si\u0119 rozwija\u0107 i mamy wiele pomys\u0142\u00f3w, jedno jest jednak pewne &#8211; wci\u0105\u017c chcemy wspiera\u0107 Dod\u0119 w Jej wielkim marzeniu, jakim jest kariera mi\u0119dzynarodowa i wci\u0105\u017c chcemy dostarcza\u0107 Wam naj\u015bwie\u017csze sprawdzone newsy. Nie jeste\u015bmy zwyk\u0142\u0105 stron\u0105. Ale i nasi czytelnicy nie s\u0105 zwykli. Mamy nadziej\u0119, \u017ce czeka nas jeszcze wiele lat przygody z Doda-Music.com.<\/p>\n<p>Poni\u017cej dziesi\u0119\u0107 dotychczasowych ods\u0142on naszej strony:<br \/>\n<a href=\"http:\/\/pl.doda-music.com\/?attachment_id=50\"><img loading=\"lazy\" decoding=\"async\" src=\"http:\/\/pl.doda-music.com\/wp-content\/uploads\/2009\/10\/1-150x150.png\" alt=\"\" title=\"1\" width=\"150\" height=\"150\" class=\"alignnone size-thumbnail wp-image-50\" \/><\/a><a href=\"http:\/\/pl.doda-music.com\/?attachment_id=51\"><img loading=\"lazy\" decoding=\"async\" src=\"http:\/\/pl.doda-music.com\/wp-content\/uploads\/2009\/10\/2-150x150.png\" alt=\"\" title=\"2\" width=\"150\" height=\"150\" class=\"alignnone size-thumbnail wp-image-51\" \/><\/a><a href=\"http:\/\/pl.doda-music.com\/?attachment_id=52\"><img loading=\"lazy\" decoding=\"async\" src=\"http:\/\/pl.doda-music.com\/wp-content\/uploads\/2009\/10\/3-150x150.png\" alt=\"\" title=\"3\" width=\"150\" height=\"150\" class=\"alignnone size-thumbnail wp-image-52\" \/><\/a><a href=\"http:\/\/pl.doda-music.com\/?attachment_id=49\"><img loading=\"lazy\" decoding=\"async\" src=\"http:\/\/pl.doda-music.com\/wp-content\/uploads\/2009\/10\/4-150x150.png\" alt=\"\" title=\"4\" width=\"150\" height=\"150\" class=\"alignnone size-thumbnail wp-image-49\" \/><\/a><a href=\"http:\/\/pl.doda-music.com\/index.php\/historia\/dodamusicver5\/\" rel=\"attachment wp-att-4702\"><img loading=\"lazy\" decoding=\"async\" src=\"http:\/\/pl.doda-music.com\/wp-content\/uploads\/2009\/12\/dodamusicver5-150x150.png\" alt=\"\" title=\"dodamusicver5\" width=\"150\" height=\"150\" class=\"aligncenter size-thumbnail wp-image-4702\" \/><\/a><a href=\"http:\/\/pl.doda-music.com\/index.php\/historia\/dodamusicver6\/\" rel=\"attachment wp-att-4705\"><img loading=\"lazy\" decoding=\"async\" src=\"http:\/\/pl.doda-music.com\/wp-content\/uploads\/2009\/12\/dodamusicver6-150x150.png\" alt=\"\" title=\"dodamusicver6\" width=\"150\" height=\"150\" class=\"alignnone size-thumbnail wp-image-4705\" \/><\/a><a href=\"http:\/\/pl.doda-music.com\/index.php\/historia\/dodamusicver7\/\" rel=\"attachment wp-att-4706\"><img loading=\"lazy\" decoding=\"async\" src=\"http:\/\/pl.doda-music.com\/wp-content\/uploads\/2009\/12\/dodamusicver7-150x150.png\" alt=\"\" title=\"dodamusicver7\" width=\"150\" height=\"150\" class=\"alignnone size-thumbnail wp-image-4706\" \/><\/a><a href=\"http:\/\/pl.doda-music.com\/index.php\/historia\/odslona8\/\" rel=\"attachment wp-att-7518\"><img loading=\"lazy\" decoding=\"async\" src=\"http:\/\/pl.doda-music.com\/wp-content\/uploads\/2009\/12\/odslona8-150x150.png\" alt=\"\" title=\"odslona8\" width=\"150\" height=\"150\" class=\"aligncenter size-thumbnail wp-image-7518\" \/><\/a><a href=\"http:\/\/pl.doda-music.com\/wp-content\/uploads\/2009\/12\/odslona9.png\"><img loading=\"lazy\" decoding=\"async\" src=\"http:\/\/pl.doda-music.com\/wp-content\/uploads\/2009\/12\/odslona9-150x150.png\" alt=\"\" title=\"odslona9\" width=\"150\" height=\"150\" class=\"alignnone size-thumbnail wp-image-9279\" \/><\/a><a href=\"http:\/\/pl.doda-music.com\/wp-content\/uploads\/2009\/12\/wersja10.jpg\"><img loading=\"lazy\" decoding=\"async\" src=\"http:\/\/pl.doda-music.com\/wp-content\/uploads\/2009\/12\/wersja10-150x150.jpg\" alt=\"wersja10\" width=\"150\" height=\"150\" class=\"alignnone size-thumbnail wp-image-10210\" \/><\/a><a href=\"http:\/\/pl.doda-music.com\/wp-content\/uploads\/2009\/12\/image.jpg\"><img loading=\"lazy\" decoding=\"async\" src=\"http:\/\/pl.doda-music.com\/wp-content\/uploads\/2009\/12\/image-150x150.jpg\" alt=\"image\" width=\"150\" height=\"150\" class=\"alignnone size-thumbnail wp-image-17450\" srcset=\"https:\/\/pl.doda-music.com\/wp-content\/uploads\/2009\/12\/image-150x150.jpg 150w, https:\/\/pl.doda-music.com\/wp-content\/uploads\/2009\/12\/image-144x144.jpg 144w\" sizes=\"(max-width: 150px) 100vw, 150px\" \/><\/a><\/p>\n","protected":false},"excerpt":{"rendered":"<p>Pocz\u0105tki naszej strony si\u0119gaj\u0105 wakacji 2007 roku. Doda wyda\u0142a \u015bwietny solowy album Diamond Bitch, Katharsis kr\u00f3lowa\u0142o na listach przeboj\u00f3w&#8230; Piotrek (rocznik 1989) wr\u00f3ci\u0142 z wakacji we W\u0142oszech i postanowi\u0142 stworzy\u0107 pierwsz\u0105 stron\u0119 o Dodzie w dw\u00f3ch j\u0119zykach. Zabra\u0142 si\u0119 do pracy stworzy\u0142 ko\u015blawy, kolorowy szablon, napisa\u0142 tre\u015b\u0107, zacz\u0105\u0142 t\u0142umaczy\u0107 na j\u0119zyk angielski. Wreszcie po ci\u0119\u017ckiej&#8230; <\/p>\n<div class=\"link-more\"><a href=\"https:\/\/pl.doda-music.com\/index.php\/historia\/\">Read More<\/a><\/div>\n","protected":false},"author":1,"featured_media":0,"parent":0,"menu_order":0,"comment_status":"open","ping_status":"open","template":"","meta":{"footnotes":""},"_links":{"self":[{"href":"https:\/\/pl.doda-music.com\/index.php\/wp-json\/wp\/v2\/pages\/542"}],"collection":[{"href":"https:\/\/pl.doda-music.com\/index.php\/wp-json\/wp\/v2\/pages"}],"about":[{"href":"https:\/\/pl.doda-music.com\/index.php\/wp-json\/wp\/v2\/types\/page"}],"author":[{"embeddable":true,"href":"https:\/\/pl.doda-music.com\/index.php\/wp-json\/wp\/v2\/users\/1"}],"replies":[{"embeddable":true,"href":"https:\/\/pl.doda-music.com\/index.php\/wp-json\/wp\/v2\/comments?post=542"}],"version-history":[{"count":43,"href":"https:\/\/pl.doda-music.com\/index.php\/wp-json\/wp\/v2\/pages\/542\/revisions"}],"predecessor-version":[{"id":18031,"href":"https:\/\/pl.doda-music.com\/index.php\/wp-json\/wp\/v2\/pages\/542\/revisions\/18031"}],"wp:attachment":[{"href":"https:\/\/pl.doda-music.com\/index.php\/wp-json\/wp\/v2\/media?parent=542"}],"curies":[{"name":"wp","href":"https:\/\/api.w.org\/{rel}","templated":true}]}}