{"id":25,"date":"2009-10-01T21:39:59","date_gmt":"2009-10-01T19:39:59","guid":{"rendered":"http:\/\/pl.doda-music.com\/?page_id=25"},"modified":"2013-04-02T01:36:18","modified_gmt":"2013-04-01T23:36:18","slug":"dyskografia","status":"publish","type":"page","link":"https:\/\/pl.doda-music.com\/index.php\/dyskografia\/","title":{"rendered":"Dyskografia"},"content":{"rendered":"<h1>Diamond Bitch<\/h1>\n<p><img decoding=\"async\" src=\"http:\/\/doda-music.com\/pl\/zdjecia\/diamond.jpg\" align=\"left\">Pierwszy solowy album Dody. Pierwszym singlem z p\u0142yty zosta\u0142a piosenka &#8220;Katharsis&#8221;, kt\u00f3ra szybko podbi\u0142a listy przeboj\u00f3w w ca\u0142ej Polsce i sta\u0142a si\u0119 prawdopodobnie najwi\u0119kszym hitem lata. Prowokacyjna nazwa nawi\u0105zuje do statusu, jaki chce osi\u0105gn\u0105\u0107 t\u0105 p\u0142yt\u0105 Doda- diament. Po miesi\u0105cu sprzeda\u017cy Doda osi\u0105gne\u0142a ju\u017c platyn\u0119, kt\u00f3r\u0105 odebra\u0142a na festiwalu w Sopocie. P\u0142yta przez 5 pierwszych tygodni nie schodzi\u0142a z pierwszego miejsca sprzeda\u017cy w Polsce. Jedno jest pewne &#8211; je\u015bli ta p\u0142yta nie dotrze do diamentu, \u017cadna inna p\u0142yta w kraju tego ju\u017c nie osi\u0105gnie! Niezwyk\u0142e jest r\u00f3wnie\u017c wydanie p\u0142yty, kt\u00f3ra le\u017cy na r\u00f3\u017cowych pi\u00f3rkach. Opakowanie zawiera ksi\u0105\u017ceczk\u0119 ze wspania\u0142\u0105 sesj\u0105 zdj\u0119ciow\u0105 oraz miniplakat, a ka\u017cda p\u0142yta ma sw\u00f3j unikatowy numer!<br \/>\n Latem 2008 ukaza\u0142a si\u0119 reedycja albumu, kt\u00f3ra zawiera\u0142a dwa nowe numery &#8220;Like a virgin&#8221; oraz przeb\u00f3j &#8220;Nie Daj Si\u0119&#8221; a tak\u017ce DVD z wieloma filmami z dzieci\u0144stwa Artystki, studia nagraniowego oraz teledyskami. Reedycja zadebiutowa\u0142a na 5 miejscu najpopularniejszych p\u0142yt w Polsce, a hit Nie Daj Si\u0119 zosta\u0142 jednym z 15 najpopularniejszych hit\u00f3w 2008 roku.<\/p>\n<div class=\"cytat\">\n1.Ca\u0142kiem inna (Completly Different)<br \/>\n<br \/>2.To jest to (This is It)<br \/>\n<br \/>3.Katharsis<br \/>\n<br \/>4.\u0106ma (Moth)<br \/>\n<br \/>5.Misja (Mission)<br \/>\n<br \/>6.Cheerleaderka (Cheerleader)<br \/>\n<br \/>7.Prowokacja (Provocation)<br \/>\n<br \/>8.Ostatni Raz Ci Za\u015bpiewam (I&#8217;ll sing you the last time)<br \/>\n<br \/>9.Judasze (Judases)<br \/>\n<br \/>10.Rany (Wounds)<br \/>\n<br \/>11.Dzi\u0119kuj\u0119 (Thank you)<br \/>\n<br \/>12.Diamond Bitch\n<\/div>\n<hr>\n<h1>Ficca<\/h1>\n<p><img decoding=\"async\" src=\"http:\/\/doda-music.com\/pl\/zdjecia\/ficca.jpg\" align=\"left\">Trzecia, ostatnia, a zarazem najpopularniejsza p\u0142yta zespo\u0142u Virgin. Powsta\u0142a po wygranej w Opolu w 2005 roku i doczeka\u0142a si\u0119 reedycji, na kt\u00f3rej znalaz\u0142a si\u0119 piosenka &#8220;Szansa&#8221;, jeden z najwi\u0119kszych dotychczasowych przeboj\u00f3w zespo\u0142u. Sprzeda\u017c osi\u0105gne\u0142a poziom ponad 100 tysi\u0119cy, co jest bardzo dobrym wynikiem jak na polskie warunki. Wszystkie trzy single z p\u0142yty podbi\u0142y listy przeboj\u00f3w i sprawi\u0142y, \u017ce Doda sta\u0142a si\u0119 prawdopodbnie najwi\u0119ksz\u0105 gwiazd\u0105 Polski.<\/p>\n<div class=\"cytat\">\n1.Szansa (Chance)<br \/>\n<br \/>2.Inni przyjaciele (Other friends)<br \/>\n<br \/>3.Dezyda<br \/>\n<br \/>4.Opowiem Ci (I&#8217;ll tell you)<br \/>\n<br \/>5.Superstar<br \/>\n<br \/>6.Znak Pokoju (Peace sign)<br \/>\n<br \/>7.Mam wszystko w&#8230;(I have everything in my&#8230;)<br \/>\n<br \/>8.Dwie Bajki (Two Fairy Tales)<br \/>\n<br \/>9.In Love<br \/>\n<br \/>10.Piosenka na Impreza (Song for parties)<br \/>\n<br \/>11.Dla R (niewa\u017cne dzi\u015b jest) (For R (it doesn&#8217;t matter today))<\/p>\n<\/div>\n<hr>\n<h1>Bimbo<\/h1>\n<p><img decoding=\"async\" src=\"http:\/\/doda-music.com\/pl\/zdjecia\/bimbo.jpg\" align=\"left\">Druga p\u0142yta zespo\u0142u Virgin to kolejna dawka rockowego brzmienia. Single z tej p\u0142yty (&#8220;D\u017caga&#8221;, &#8220;Nie zawied\u017a mnie&#8221; oraz &#8220;Kolejny raz&#8221;) okaza\u0142y si\u0119 sporymi hitami. P\u0142yta rozesz\u0142a si\u0119 w nak\u0142adzie ponad 30 tysi\u0119cy egzemplarzy i znalaz\u0142a si\u0119 na pierwszym miejscu sprzeda\u017cy w cotygodniowym zestawieniu OLiS. <\/p>\n<div class=\"cytat\">\n<br \/>1. Szafa (Wardrobe)<br \/>\n<br \/>2. Ch\u0142opczyku M\u00f3j (My boy)<br \/>\n<br \/>3. D\u017caga (Chick)<br \/>\n<br \/>4. Nie zawied\u017a mnie (Don&#8217;t let me down)<br \/>\n<br \/>5. Nie ocenia\u0107 jej (Don&#8217;t judge her)<br \/>\n<br \/>6. Et Anima<br \/>\n<br \/>7. Ulica (Street)<br \/>\n<br \/>8. Piekarnia (Bakery)<br \/>\n<br \/>9. Okno Bo\u017ce (God&#8217;s Window)<br \/>\n<br \/>10. Teraz to wiem (Now I know it)<br \/>\n<br \/>11. Bar<br \/>\n<br \/>12. Kolejny raz (Next Time)<br \/>\n<br \/>13. M\u00f3j &#8220;M&#8221; (My &#8216;M&#8217;)\n<\/div>\n<hr>\n<p><\/p>\n<h1>Virgin<\/h1>\n<p><img decoding=\"async\" src=\"http:\/\/doda-music.com\/pl\/zdjecia\/virgin.jpg\" align=\"left\">Pierwsza p\u0142yta zespo\u0142u, uwa\u017cana za najbardziej rockow\u0105. Wi\u0119kszo\u015b\u0107 tekst\u00f3w nie napisa\u0142a sama Doda. P\u0142yta sprzeda\u0142a si\u0119 w nak\u0142adzie 15 tysi\u0119cy. <\/p>\n<div class=\"cytat\">\n1. Dzieci ziemi (Earth&#8217;s children)<br \/>\n<br \/>2. Dziewi\u0119\u0107 \u017cycze\u0144 (Nine wishes)<br \/>\n<br \/>3. To ty (It&#8217;s you)<br \/>\n<br \/>4. Nie z\u0142o\u015b\u0107 Dody (Don&#8217;t make Doda nervous)<br \/>\n<br \/>5. Nie tak &#8211; do mnie m\u00f3wi si\u0119 (It&#8217;s not how you should talk to me)<br \/>\n<br \/>6. Nie odpowiadaj (Don&#8217;t answer)<br \/>\n<br \/>7. Na niby (Not truely)<br \/>\n<br \/>8. Masz jeszcze czas (You still have time)<br \/>\n<br \/>9. Czekam (I&#8217;m waiting)<br \/>\n<br \/>10. Punkowy<br \/>\n<br \/>11. Mam tylko ciebie (I have only you)<br \/>\n<br \/>12. S\u0142awa &#8211; a za co to? (The fame &#8211; why?)<br \/>\n<br \/>13. Material Girl\n<\/div>\n","protected":false},"excerpt":{"rendered":"<p>Diamond Bitch Pierwszy solowy album Dody. Pierwszym singlem z p\u0142yty zosta\u0142a piosenka &#8220;Katharsis&#8221;, kt\u00f3ra szybko podbi\u0142a listy przeboj\u00f3w w ca\u0142ej Polsce i sta\u0142a si\u0119 prawdopodobnie najwi\u0119kszym hitem lata. Prowokacyjna nazwa nawi\u0105zuje do statusu, jaki chce osi\u0105gn\u0105\u0107 t\u0105 p\u0142yt\u0105 Doda- diament. Po miesi\u0105cu sprzeda\u017cy Doda osi\u0105gne\u0142a ju\u017c platyn\u0119, kt\u00f3r\u0105 odebra\u0142a na festiwalu w Sopocie. P\u0142yta przez&#8230; <\/p>\n<div class=\"link-more\"><a href=\"https:\/\/pl.doda-music.com\/index.php\/dyskografia\/\">Read More<\/a><\/div>\n","protected":false},"author":1,"featured_media":0,"parent":0,"menu_order":0,"comment_status":"open","ping_status":"open","template":"","meta":{"footnotes":""},"_links":{"self":[{"href":"https:\/\/pl.doda-music.com\/index.php\/wp-json\/wp\/v2\/pages\/25"}],"collection":[{"href":"https:\/\/pl.doda-music.com\/index.php\/wp-json\/wp\/v2\/pages"}],"about":[{"href":"https:\/\/pl.doda-music.com\/index.php\/wp-json\/wp\/v2\/types\/page"}],"author":[{"embeddable":true,"href":"https:\/\/pl.doda-music.com\/index.php\/wp-json\/wp\/v2\/users\/1"}],"replies":[{"embeddable":true,"href":"https:\/\/pl.doda-music.com\/index.php\/wp-json\/wp\/v2\/comments?post=25"}],"version-history":[{"count":11,"href":"https:\/\/pl.doda-music.com\/index.php\/wp-json\/wp\/v2\/pages\/25\/revisions"}],"predecessor-version":[{"id":8980,"href":"https:\/\/pl.doda-music.com\/index.php\/wp-json\/wp\/v2\/pages\/25\/revisions\/8980"}],"wp:attachment":[{"href":"https:\/\/pl.doda-music.com\/index.php\/wp-json\/wp\/v2\/media?parent=25"}],"curies":[{"name":"wp","href":"https:\/\/api.w.org\/{rel}","templated":true}]}}