{"id":18525,"date":"2023-10-10T07:47:53","date_gmt":"2023-10-10T06:47:53","guid":{"rendered":"http:\/\/pl.doda-music.com\/?page_id=18525"},"modified":"2023-10-10T08:17:30","modified_gmt":"2023-10-10T07:17:30","slug":"mtv-ema-2023-liczenie-glosow","status":"publish","type":"page","link":"https:\/\/pl.doda-music.com\/index.php\/mtv-ema-2023-liczenie-glosow\/","title":{"rendered":"MTV EMA 2023 &#8211; LICZENIE G\u0141OS\u00d3W"},"content":{"rendered":"\n<div class=\"wp-block-image is-style-default\"><figure class=\"aligncenter size-full\"><a href=\"https:\/\/www.mtvema.com\/pl-pl\/glosowanie\/\" target=\"_blank\" rel=\"noopener\"><img loading=\"lazy\" decoding=\"async\" width=\"2560\" height=\"1280\" src=\"http:\/\/pl.doda-music.com\/wp-content\/uploads\/2023\/10\/Black-White-Simple-Music-Channel-Youtube-Banner-scaled.jpg\" alt=\"\" class=\"wp-image-18532\" srcset=\"https:\/\/pl.doda-music.com\/wp-content\/uploads\/2023\/10\/Black-White-Simple-Music-Channel-Youtube-Banner-scaled.jpg 2560w, https:\/\/pl.doda-music.com\/wp-content\/uploads\/2023\/10\/Black-White-Simple-Music-Channel-Youtube-Banner-300x150.jpg 300w, https:\/\/pl.doda-music.com\/wp-content\/uploads\/2023\/10\/Black-White-Simple-Music-Channel-Youtube-Banner-500x250.jpg 500w, https:\/\/pl.doda-music.com\/wp-content\/uploads\/2023\/10\/Black-White-Simple-Music-Channel-Youtube-Banner-768x384.jpg 768w, https:\/\/pl.doda-music.com\/wp-content\/uploads\/2023\/10\/Black-White-Simple-Music-Channel-Youtube-Banner-1536x768.jpg 1536w, https:\/\/pl.doda-music.com\/wp-content\/uploads\/2023\/10\/Black-White-Simple-Music-Channel-Youtube-Banner-2048x1024.jpg 2048w, https:\/\/pl.doda-music.com\/wp-content\/uploads\/2023\/10\/Black-White-Simple-Music-Channel-Youtube-Banner-600x300.jpg 600w\" sizes=\"(max-width: 2560px) 100vw, 2560px\" \/><\/a><\/figure><\/div>\n\n\n\n<h1 class=\"has-text-align-center wp-block-heading\"><a rel=\"noreferrer noopener\" href=\"https:\/\/www.mtvema.com\/pl-pl\/glosowanie\/\" target=\"_blank\">M<\/a><a rel=\"noreferrer noopener\" href=\"https:\/\/www.mtvema.com\/pl-pl\/glosowanie\/\" target=\"_blank\">T<\/a><a rel=\"noreferrer noopener\" href=\"https:\/\/www.mtvema.com\/pl-pl\/glosowanie\/\" target=\"_blank\">V<\/a><a rel=\"noreferrer noopener\" href=\"https:\/\/www.mtvema.com\/pl-pl\/glosowanie\/\" target=\"_blank\"> <\/a><a rel=\"noreferrer noopener\" href=\"https:\/\/www.mtvema.com\/pl-pl\/glosowanie\/\" target=\"_blank\">E<\/a><a rel=\"noreferrer noopener\" href=\"https:\/\/www.mtvema.com\/pl-pl\/glosowanie\/\" target=\"_blank\">M<\/a><a rel=\"noreferrer noopener\" href=\"https:\/\/www.mtvema.com\/pl-pl\/glosowanie\/\" target=\"_blank\">A<\/a><a rel=\"noreferrer noopener\" href=\"https:\/\/www.mtvema.com\/pl-pl\/glosowanie\/\" target=\"_blank\"> <\/a><a rel=\"noreferrer noopener\" href=\"https:\/\/www.mtvema.com\/pl-pl\/glosowanie\/\" target=\"_blank\">2<\/a><a rel=\"noreferrer noopener\" href=\"https:\/\/www.mtvema.com\/pl-pl\/glosowanie\/\" target=\"_blank\">0<\/a><a rel=\"noreferrer noopener\" href=\"https:\/\/www.mtvema.com\/pl-pl\/glosowanie\/\" target=\"_blank\">2<\/a><a rel=\"noreferrer noopener\" href=\"https:\/\/www.mtvema.com\/pl-pl\/glosowanie\/\" target=\"_blank\">3<\/a><a rel=\"noreferrer noopener\" href=\"https:\/\/www.mtvema.com\/pl-pl\/glosowanie\/\" target=\"_blank\"> <\/a><a rel=\"noreferrer noopener\" href=\"https:\/\/www.mtvema.com\/pl-pl\/glosowanie\/\" target=\"_blank\">V<\/a><a rel=\"noreferrer noopener\" href=\"https:\/\/www.mtvema.com\/pl-pl\/glosowanie\/\" target=\"_blank\">O<\/a><a rel=\"noreferrer noopener\" href=\"https:\/\/www.mtvema.com\/pl-pl\/glosowanie\/\" target=\"_blank\">T<\/a><a rel=\"noreferrer noopener\" href=\"https:\/\/www.mtvema.com\/pl-pl\/glosowanie\/\" target=\"_blank\">I<\/a><a rel=\"noreferrer noopener\" href=\"https:\/\/www.mtvema.com\/pl-pl\/glosowanie\/\" target=\"_blank\">N<\/a><a href=\"https:\/\/www.mtvema.com\/pl-pl\/glosowanie\/\" target=\"_blank\" rel=\"noreferrer noopener\">G<\/a><\/h1>\n\n\n\n<h1 class=\"has-text-align-center wp-block-heading\">Oddali\u015bcie 0 g\u0142os\u00f3w<\/h1>\n\n\n\n<p>W 2009 roku dzi\u0119ki akcji liczenia g\u0142os\u00f3w uda\u0142o nam si\u0119 zmobilizowa\u0107 na tyle, i\u017c zapewnili\u015bmy Dodzie nie tylko drug\u0105 w jej karierze statuetk\u0119 MTV dla Najlepszego Polskiego Artysty, ale tak\u017ce drugie miejsce w kategorii Najlepszy Europejski Artysta! Po 14 latach zapraszamy Was znowu do akcji &#8211; wpisujcie  w komentarzach ile g\u0142os\u00f3w oddali\u015bcie danego dnia, a my b\u0119dziemy je dla Was sumowa\u0107. Zmobilizujmy si\u0119 wzajemnie i wygrajmy to dla Dody! Pami\u0119tajcie &#8211; nie ma limitu g\u0142os\u00f3w, a klika\u0107 na Dod\u0119 mo\u017cecie co 10 sekund!<\/p>\n\n\n\n<p><\/p>\n","protected":false},"excerpt":{"rendered":"<p>MTV EMA 2023 VOTING Oddali\u015bcie 0 g\u0142os\u00f3w W 2009 roku dzi\u0119ki akcji liczenia g\u0142os\u00f3w uda\u0142o nam si\u0119 zmobilizowa\u0107 na tyle, i\u017c zapewnili\u015bmy Dodzie nie tylko drug\u0105 w jej karierze statuetk\u0119 MTV dla Najlepszego Polskiego Artysty, ale tak\u017ce drugie miejsce w kategorii Najlepszy Europejski Artysta! Po 14 latach zapraszamy Was znowu do akcji &#8211; wpisujcie w&#8230; <\/p>\n<div class=\"link-more\"><a href=\"https:\/\/pl.doda-music.com\/index.php\/mtv-ema-2023-liczenie-glosow\/\">Read More<\/a><\/div>\n","protected":false},"author":1,"featured_media":0,"parent":0,"menu_order":0,"comment_status":"open","ping_status":"closed","template":"","meta":{"footnotes":""},"_links":{"self":[{"href":"https:\/\/pl.doda-music.com\/index.php\/wp-json\/wp\/v2\/pages\/18525"}],"collection":[{"href":"https:\/\/pl.doda-music.com\/index.php\/wp-json\/wp\/v2\/pages"}],"about":[{"href":"https:\/\/pl.doda-music.com\/index.php\/wp-json\/wp\/v2\/types\/page"}],"author":[{"embeddable":true,"href":"https:\/\/pl.doda-music.com\/index.php\/wp-json\/wp\/v2\/users\/1"}],"replies":[{"embeddable":true,"href":"https:\/\/pl.doda-music.com\/index.php\/wp-json\/wp\/v2\/comments?post=18525"}],"version-history":[{"count":6,"href":"https:\/\/pl.doda-music.com\/index.php\/wp-json\/wp\/v2\/pages\/18525\/revisions"}],"predecessor-version":[{"id":18534,"href":"https:\/\/pl.doda-music.com\/index.php\/wp-json\/wp\/v2\/pages\/18525\/revisions\/18534"}],"wp:attachment":[{"href":"https:\/\/pl.doda-music.com\/index.php\/wp-json\/wp\/v2\/media?parent=18525"}],"curies":[{"name":"wp","href":"https:\/\/api.w.org\/{rel}","templated":true}]}}